{"id":797,"date":"2022-10-25T11:22:51","date_gmt":"2022-10-25T09:22:51","guid":{"rendered":"https:\/\/www.lapenedes.cat\/grupos\/"},"modified":"2023-02-02T16:27:31","modified_gmt":"2023-02-02T14:27:31","slug":"grupos","status":"publish","type":"page","link":"https:\/\/www.lapenedes.cat\/es\/grupos\/","title":{"rendered":"Grupos"},"content":{"rendered":"<p>[et_pb_section fb_built=\u00bb1&#8243; module_id=\u00bbgrupos\u00bb _builder_version=\u00bb4.17.6&#8243; _module_preset=\u00bb84230449-0474-438f-b898-933758b6927a\u00bb global_colors_info=\u00bb{}\u00bb][et_pb_row _builder_version=\u00bb4.17.6&#8243; _module_preset=\u00bbdefault\u00bb global_colors_info=\u00bb{}\u00bb][et_pb_column type=\u00bb4_4&#8243; _builder_version=\u00bb4.17.6&#8243; _module_preset=\u00bbdefault\u00bb global_colors_info=\u00bb{}\u00bb][et_pb_text _builder_version=\u00bb4.17.6&#8243; _module_preset=\u00bb4deae649-78c2-4221-9247-a1a51d856da3&#8243; global_colors_info=\u00bb{}\u00bb]<\/p>\n<h1>Celebraciones para grupos<\/h1>\n<div class=\"et-module-de12d58d-cb5a-4068-832c-9d89555a7411 et_pb_column ui-sortable et-animated--vb et_pb_column_4_4 et_pb_column_1 et-first-child et-last-child et_pb_with_border\" data-address=\"1.0.0\">\n<div class=\"et_fb_editing_enabled et-module-865beb0d-1f65-4b92-b999-8752d6a885a9 et_pb_text et_pb_module ui-sortable et_pb_text_1 et-animated--vb et_pb_text_align_center et_pb_bg_layout_dark et-fb-module--short et-fb-module--has-mousetrap et-pb-with-global-presets et-first-child et-last-child\" data-address=\"1.0.0.0\" dynamic=\"[object Object]\" matching=\"[object Object]\" parent_slug=\"et_pb_column\" theme_builder_suffix=\"\" wp_editor_suffix=\"\" wrapper_settings=\"[object Object]\" _key=\"865beb0d-1f65-4b92-b999-8752d6a885a9\">\n<div class=\"et_pb_text_inner\">\n<div data-shortcode-id=\"1.0.0.0-1663234586001\" data-quickaccess-editable=\"yes\" class=\"et-fb-popover-tinymce\">\n<div class=\"mce-content-body\" contenteditable=\"true\" style=\"position: relative;\">\n<p>Desayunos a la brasa, encuentros, cumplea\u00f1os, empresas&#8230; <\/p>\n<\/div>\n<\/div>\n<\/div>\n<\/div>\n<\/div>\n<p>[\/et_pb_text][\/et_pb_column][\/et_pb_row][\/et_pb_section][et_pb_section fb_built=\u00bb1&#8243; _builder_version=\u00bb4.17.6&#8243; _module_preset=\u00bbdefault\u00bb global_colors_info=\u00bb{}\u00bb][et_pb_row column_structure=\u00bb1_2,1_2&#8243; _builder_version=\u00bb4.17.6&#8243; _module_preset=\u00bbdefault\u00bb hover_enabled=\u00bb0&#8243; global_colors_info=\u00bb{}\u00bb sticky_enabled=\u00bb0&#8243;][et_pb_column type=\u00bb1_2&#8243; _builder_version=\u00bb4.17.6&#8243; _module_preset=\u00bbdefault\u00bb global_colors_info=\u00bb{}\u00bb][et_pb_cta _builder_version=\u00bb4.17.6&#8243; _module_preset=\u00bbdefault\u00bb header_font_size=\u00bb42px\u00bb body_font_size=\u00bb20px\u00bb body_line_height=\u00bb1.8em\u00bb custom_margin=\u00bb0px||||false|false\u00bb custom_padding=\u00bb51px|25px|33px|25px|false|true\u00bb hover_enabled=\u00bb0&#8243; global_colors_info=\u00bb{}\u00bb z_index=\u00bb-500&#8243; sticky_enabled=\u00bb0&#8243;]<\/p>\n<p>De lunes a domingo, de 7:00 a 17:00h.<br \/>Men\u00fas a convenir, seg\u00fan sus necesidades.<\/p>\n<p>Pide informaci\u00f3n a <a href=\"mailto:marta@serveispenedes.com\"><strong>marta@serveispenedes.com<\/strong><\/a><br \/>o ll\u00e1manos al <a href=\"tel:938924271\">938924271<\/a><\/p>\n<p>[\/et_pb_cta][\/et_pb_column][et_pb_column type=\u00bb1_2&#8243; _builder_version=\u00bb4.17.6&#8243; _module_preset=\u00bb3396134b-6301-4f55-bf42-839f67fa9116&#8243; background_image=\u00bbhttps:\/\/www.lapenedes.cat\/wp-content\/uploads\/2022\/09\/LA-PENEDES-BANQUET-11-scaled-e1663578606930.jpg\u00bb hover_enabled=\u00bb0&#8243; global_colors_info=\u00bb{}\u00bb alt=\u00bbTaula per a grups grans i banquets de la cafeteria La Pened\u00e8s\u00bb sticky_enabled=\u00bb0&#8243;][\/et_pb_column][\/et_pb_row][et_pb_row column_structure=\u00bb1_3,1_3,1_3&#8243; _builder_version=\u00bb4.17.6&#8243; _module_preset=\u00bbdefault\u00bb global_colors_info=\u00bb{}\u00bb][et_pb_column type=\u00bb1_3&#8243; _builder_version=\u00bb4.17.6&#8243; _module_preset=\u00bbdefault\u00bb global_colors_info=\u00bb{}\u00bb][et_pb_image src=\u00bbhttps:\/\/www.lapenedes.cat\/wp-content\/uploads\/2022\/09\/LA-PENEDES-BANQUET-5-scaled.jpg\u00bb alt=\u00bbMesa para grupos grandes y banquetes de la cafeter\u00eda La Pened\u00e8s\u00bb title_text=\u00bbLA PENEDES BANQUET (5)\u00bb _builder_version=\u00bb4.17.6&#8243; _module_preset=\u00bb70ee0297-443a-4249-98ea-a888f719f3d3&#8243; global_colors_info=\u00bb{}\u00bb][\/et_pb_image][\/et_pb_column][et_pb_column type=\u00bb1_3&#8243; _builder_version=\u00bb4.17.6&#8243; _module_preset=\u00bbdefault\u00bb global_colors_info=\u00bb{}\u00bb][et_pb_image src=\u00bbhttps:\/\/www.lapenedes.cat\/wp-content\/uploads\/2022\/10\/BODA-23-SETEMBRE-2022-LLUIS-MERCHE-30-scaled.jpg\u00bb alt=\u00bbMesa para grupos grandes y banquetes de la cafeter\u00eda La Pened\u00e8s\u00bb title_text=\u00bbLA PENEDES BANQUET (11)\u00bb _builder_version=\u00bb4.17.6&#8243; _module_preset=\u00bb70ee0297-443a-4249-98ea-a888f719f3d3&#8243; hover_enabled=\u00bb0&#8243; global_colors_info=\u00bb{}\u00bb sticky_enabled=\u00bb0&#8243;][\/et_pb_image][\/et_pb_column][et_pb_column type=\u00bb1_3&#8243; _builder_version=\u00bb4.17.6&#8243; _module_preset=\u00bbdefault\u00bb global_colors_info=\u00bb{}\u00bb][et_pb_image src=\u00bbhttps:\/\/www.lapenedes.cat\/wp-content\/uploads\/2022\/10\/BODA-23-SETEMBRE-2022-LLUIS-MERCHE-19-scaled.jpg\u00bb alt=\u00bbMesa para grupos grandes y banquetes de la cafeter\u00eda La Pened\u00e8s\u00bb title_text=\u00bbLA PENEDES BANQUET (10)\u00bb _builder_version=\u00bb4.17.6&#8243; _module_preset=\u00bb70ee0297-443a-4249-98ea-a888f719f3d3&#8243; hover_enabled=\u00bb0&#8243; global_colors_info=\u00bb{}\u00bb sticky_enabled=\u00bb0&#8243;][\/et_pb_image][\/et_pb_column][\/et_pb_row][\/et_pb_section]<\/p>\n","protected":false},"excerpt":{"rendered":"<p>Celebraciones para grupos Desayunos a la brasa, encuentros, cumplea\u00f1os, empresas&#8230; De lunes a domingo, de 7:00 a 17:00h.Men\u00fas a convenir, seg\u00fan sus necesidades. Pide informaci\u00f3n a marta@serveispenedes.como ll\u00e1manos al 938924271<\/p>\n","protected":false},"author":1,"featured_media":0,"parent":0,"menu_order":0,"comment_status":"closed","ping_status":"closed","template":"","meta":{"_et_pb_use_builder":"on","_et_pb_old_content":"","_et_gb_content_width":"","rank_math_lock_modified_date":false,"footnotes":""},"class_list":["post-797","page","type-page","status-publish","hentry"],"_links":{"self":[{"href":"https:\/\/www.lapenedes.cat\/es\/wp-json\/wp\/v2\/pages\/797"}],"collection":[{"href":"https:\/\/www.lapenedes.cat\/es\/wp-json\/wp\/v2\/pages"}],"about":[{"href":"https:\/\/www.lapenedes.cat\/es\/wp-json\/wp\/v2\/types\/page"}],"author":[{"embeddable":true,"href":"https:\/\/www.lapenedes.cat\/es\/wp-json\/wp\/v2\/users\/1"}],"replies":[{"embeddable":true,"href":"https:\/\/www.lapenedes.cat\/es\/wp-json\/wp\/v2\/comments?post=797"}],"version-history":[{"count":8,"href":"https:\/\/www.lapenedes.cat\/es\/wp-json\/wp\/v2\/pages\/797\/revisions"}],"predecessor-version":[{"id":1536,"href":"https:\/\/www.lapenedes.cat\/es\/wp-json\/wp\/v2\/pages\/797\/revisions\/1536"}],"wp:attachment":[{"href":"https:\/\/www.lapenedes.cat\/es\/wp-json\/wp\/v2\/media?parent=797"}],"curies":[{"name":"wp","href":"https:\/\/api.w.org\/{rel}","templated":true}]}}