{"id":801,"date":"2022-10-25T11:24:06","date_gmt":"2022-10-25T09:24:06","guid":{"rendered":"https:\/\/www.lapenedes.cat\/politica-de-cookies\/"},"modified":"2022-10-26T12:51:18","modified_gmt":"2022-10-26T10:51:18","slug":"politica-de-cookies","status":"publish","type":"page","link":"https:\/\/www.lapenedes.cat\/es\/politica-de-cookies\/","title":{"rendered":"Pol\u00edtica de cookies"},"content":{"rendered":"<p>[et_pb_section fb_built=\u00bb1&#8243; module_id=\u00bbgrupos\u00bb _builder_version=\u00bb4.17.6&#8243; _module_preset=\u00bb84230449-0474-438f-b898-933758b6927a\u00bb][et_pb_row _builder_version=\u00bb4.17.6&#8243; _module_preset=\u00bbdefault\u00bb global_colors_info=\u00bb{}\u00bb][et_pb_column type=\u00bb4_4&#8243; _builder_version=\u00bb4.17.6&#8243; _module_preset=\u00bbdefault\u00bb global_colors_info=\u00bb{}\u00bb][et_pb_text _builder_version=\u00bb4.17.6&#8243; _module_preset=\u00bb4deae649-78c2-4221-9247-a1a51d856da3&#8243; global_colors_info=\u00bb{}\u00bb]<\/p>\n<h1>Pol\u00edtica de privacidad<\/h1>\n<p>[\/et_pb_text][\/et_pb_column][\/et_pb_row][\/et_pb_section][et_pb_section fb_built=\u00bb1&#8243; _builder_version=\u00bb4.17.6&#8243; _module_preset=\u00bbdefault\u00bb global_colors_info=\u00bb{}\u00bb][et_pb_row _builder_version=\u00bb4.17.6&#8243; _module_preset=\u00bbdefault\u00bb global_colors_info=\u00bb{}\u00bb][et_pb_column type=\u00bb4_4&#8243; _builder_version=\u00bb4.17.6&#8243; _module_preset=\u00bb3396134b-6301-4f55-bf42-839f67fa9116&#8243; global_colors_info=\u00bb{}\u00bb][et_pb_text _builder_version=\u00bb4.17.6&#8243; _module_preset=\u00bbdefault\u00bb text_font_size=\u00bb18px\u00bb text_orientation=\u00bbleft\u00bb background_layout=\u00bblight\u00bb hover_enabled=\u00bb0&#8243; global_colors_info=\u00bb{}\u00bb sticky_enabled=\u00bb0&#8243;]<\/p>\n<h2>POL\u00cdTICA DE COOKIES<\/h2>\n<p>INTRODUCCI\u00d3N<\/p>\n<p>La web de SERVICIOS PENEDES S.A. utiliza cookies propias y de terceros. Una cookie es un archivo que se descarga en su ordenador a la hora de acceder a determinadas p\u00e1ginas web. Las cookies permiten a una p\u00e1gina web, entre otros fines, asegurar el correcto funcionamiento de la p\u00e1gina, permitir al Usuario un acceso m\u00e1s r\u00e1pido a los servicios seleccionados, almacenar y recuperar informaci\u00f3n sobre los h\u00e1bitos de navegaci\u00f3n de un usuario o del su equipo e, incluso, dependiendo de la informaci\u00f3n que contengan y de la forma en que utilice su equipo, pueden utilizarse para reconocer al usuario. Las cookies se asocian \u00fanicamente a un usuario an\u00f3nimo y su ordenador o dispositivo y no proporcionan referencias que permitan conocer sus datos personales, salvo permiso expreso de aqu\u00e9l.<\/p>\n<p>El usuario puede, en todo momento, aceptar o rechazar las cookies instaladas que no sean estrictamente necesarias para el correcto funcionamiento de la web y el acceso al Usuario a sus servicios, a trav\u00e9s del panel de ajuste de cookies proporcionado en nuestra web. Asimismo podr\u00e1 configurar su navegador en todo momento sin que ello perjudique a la posibilidad del Usuario de acceder a los contenidos. Sin embargo le informamos que el rechazo de las cookies puede disminuir el buen funcionamiento de la web.<\/p>\n<p>COOKIES AFECTADAS POR LA NORMATIVA Y COOKIES EXENTAS<br \/>Seg\u00fan la directiva de la UE, las cookies que requieren el consentimiento informado por parte del usuario son las cookies de anal\u00edtica y las de publicidad y afiliaci\u00f3n, quedando exceptuadas las de car\u00e1cter t\u00e9cnico y las necesarias para el funcionamiento del sitio web o la prestaci\u00f3n de servicios expresamente demandados por el usuario.<\/p>\n<p>TIPOLOG\u00cdA DE COOKIES<br \/>Seg\u00fan la entidad que las gestione, existen Cookies propias (aquellas que se env\u00edan al equipo terminal del usuario desde un equipo o dominio gestionado por el propio editor \u2013 desde donde \u00e9ste presta el servicio solicitado por el usuario-) y Cookies de terceros (aquellas que se env\u00edan al equipo terminal del usuario desde un equipo o dominio que no es gestionado por el editor sino por un tercero).<br \/>Seg\u00fan el tiempo que permanecen activas, Cookies de sesi\u00f3n (dise\u00f1adas para recopilar y almacenar datos mientras el usuario accede a la web) y Cookies persistentes (los datos siguen almacenados en el terminal y pueden ser accedidos y tratados durante un per\u00edodo definido por el responsable de la cookie).<br \/>Seg\u00fan la finalidad para la que tratan la informaci\u00f3n que recopilan, pueden ser:<br \/>Cookies t\u00e9cnicas (necesarias para el uso de la web y la prestaci\u00f3n del servicio contratado).<br \/>Cookies de personalizaci\u00f3n (permiten al usuario acceder al servicio con caracter\u00edsticas de car\u00e1cter general predefinidas como el idioma, el tipo de navegador, la configuraci\u00f3n regional, etc. ).<br \/>Cookies de an\u00e1lisis (recogen informaci\u00f3n del uso que se realiza en la web).<br \/>Cookies publicitarias (recogen informaci\u00f3n sobre las preferencias y elecciones personales de los usuarios).<br \/>Cookies de afiliados (permiten realizar un seguimiento de las visitas procedentes de otras webs, con las que el sitio web establece un contrato de afiliaci\u00f3n (empresas de afiliaci\u00f3n).<\/p>\n<p>DESACTIVACI\u00d3N\/ACTIVACI\u00d3N Y ELIMINACI\u00d3N DE COOKIES<br \/>Para restringir o bloquear las cookies, se realiza a trav\u00e9s de la configuraci\u00f3n del navegador.<br \/>Si no desea que los sitios web pongan ninguna cookie en su equipo, puede adaptar la configuraci\u00f3n del navegador de forma que se le notifique antes de que se coloque ninguna cookie. Del mismo modo, puede adaptar la configuraci\u00f3n de forma que el navegador rechace todas las cookies, o \u00fanicamente las cookies de terceros. Tambi\u00e9n puede eliminar cualquiera de las cookies que ya se encuentren en su equipo. Recuerde que se deber\u00e1 adaptar por separado la configuraci\u00f3n de cada navegador y equipo que utilice.<\/p>\n<p>Recuerde que si no desea recibir cookies, ya no podremos garantizar que nuestro sitio web funcione como es debido. Puede que algunas funciones del sitio se pierdan y es posible que ya no pueda ver ciertos sitios web. Adem\u00e1s, rechazar las cookies no significa que ya no vaya a ver anuncios publicitarios. Simplemente los anuncios no se ajustar\u00e1n a sus intereses y se repetir\u00e1n con mayor frecuencia.<br \/>Cada navegador tiene un m\u00e9todo distinto para adaptar la configuraci\u00f3n. Si es necesario, consulte la funci\u00f3n de ayuda del navegador para establecer la configuraci\u00f3n correcta.<\/p>\n<p>Para desactivar las cookies en el tel\u00e9fono m\u00f3vil, consulte el manual del dispositivo para obtener m\u00e1s informaci\u00f3n.<br \/>Puede obtener m\u00e1s informaci\u00f3n sobre las cookies en Internet, http:\/\/www.aboutcookies.org.<\/p>\n<p>Teniendo en cuenta la forma en la que funciona Internet y los sitios web, no siempre contamos con informaci\u00f3n de las cookies que colocan terceras partes a trav\u00e9s de nuestro sitio web. Esto se aplica especialmente a casos en los que nuestra p\u00e1gina web contiene lo que se denominan elementos integrados: textos, documentos, im\u00e1genes o breves pel\u00edculas que se almacenan en otra parte, pero se muestran en nuestro sitio web o mediante el mismo.<\/p>\n<p>Por tanto, en caso de que se encuentre con este tipo de cookies en este sitio web y no est\u00e9n enumeradas en la lista anterior, le rogamos que nos lo comunique. O bien p\u00f3ngase en contacto directamente con el tercero para pedirle informaci\u00f3n sobre las cookies que coloca, la finalidad y la duraci\u00f3n de la cookie, y c\u00f3mo ha garantizado su privacidad.<\/p>\n<p>INFORMACI\u00d3N RELACIONADA CON EL TRATAMIENTO DE DATOS PERSONALES (ART. 13 RGPD)<br \/>\u00bfQui\u00e9n es el responsable del tratamiento de sus datos personales?<br \/>SERVICIOS PENEDES S.A. es el responsable del tratamiento de los datos personales que usted nos proporciona, situado en c\/Igualada 70-78, 08720 Vilafranca del Pened\u00e8s, (Barcelona) y con CIF A08606360 Tel\u00e9fono 938922244 y mail de contacto info@serveispenedes.com.<br \/>Si no desea que los sitios web pongan ninguna cookie en su equipo, puede adaptar la configuraci\u00f3n de su navegador de forma que se le notifique antes de que se coloque ninguna cookie. De la misma forma, puede adaptar la configuraci\u00f3n de forma que el navegador rechace todas las cookies, o \u00fanicamente las cookies de terceros. Tambi\u00e9n puede eliminar cualquiera de las cookies que ya se encuentren en su equipo. Recuerde que se deber\u00e1 adaptar por separado la configuraci\u00f3n de cada navegador y equipo que utilice.<\/p>\n<p>\u00bfPara qu\u00e9 utilizamos sus datos personales?<br \/>La informaci\u00f3n recopilada a trav\u00e9s de las cookies propias (cookies de sesi\u00f3n y de entrada de usuario) se suelen utilizar para rastrear las acciones del usuario al rellenar los formularios online en varias p\u00e1ginas, o como cesta de la compra para realizar el seguimiento de los art\u00edculos que el usuario ha seleccionado al pulsar un bot\u00f3n, o para personalizar la interfaz del usuario al visitar la p\u00e1gina web.<br \/>La informaci\u00f3n recopilada a trav\u00e9s de las cookies de terceros es la siguiente:<\/p>\n<p>A trav\u00e9s de cookies anal\u00edticas se analizan sus h\u00e1bitos de navegaci\u00f3n para mejorar los servicios prestados;<br \/>A trav\u00e9s de las cookies comportamentales se recoge informaci\u00f3n sobre las preferencias del usuario para gestionar los espacios publicitarios de la forma m\u00e1s eficaz posible; y<br \/>mediante las cookies publicitarias se mide el rendimiento de los anuncios y se proporcionan recomendaciones relativas a productos basados en datos estad\u00edsticos.<br \/>Para ver exactamente el uso de las cookies vea el cuadro sobre el uso de las cookies en este documento.<br \/>\u00bfCu\u00e1l es la base legal para el tratamiento de sus datos personales?<br \/>La legitimaci\u00f3n para el tratamiento de sus datos personales viene dada por su consentimiento, otorgado en el momento de ponerse en contacto con nosotros, para la utilizaci\u00f3n de cookies anal\u00edticas, comportamentales y publicitarias; para las cookies de sesi\u00f3n o personalizaci\u00f3n, la legitimaci\u00f3n para el tratamiento viene dada por el inter\u00e9s leg\u00edtimo del prestamista (responsable del tratamiento).<\/p>\n<p>\u00bfA qui\u00e9n comunicamos sus datos?<br \/>No se ceder\u00e1n ni comunicar\u00e1n datos a terceros, salvo por obligaci\u00f3n legal oa los terceros indicados en el caso de uso de cookies gestionadas por \u00e9stos.<\/p>\n<p>\u00bfCu\u00e1l es el plazo de conservaci\u00f3n de sus datos?<br \/>El plazo de conservaci\u00f3n de los datos recogidos es el indicado en el cuadro sobre el uso de cookies en este documento.<\/p>\n<p>\u00bfCu\u00e1les son sus derechos?<br \/>Los derechos que amparan al usuario son los de acceso, rectificaci\u00f3n, supresi\u00f3n, portabilidad de \u00e9stos, retirada del consentimiento (sin que esto afecte a la licitud del tratamiento otorgado previamente a su retirada), oposici\u00f3n al tratamiento, limitaci\u00f3n (en determinadas circunstancias) ya presentar una reclamaci\u00f3n ante la autoridad de control (la Agencia Espa\u00f1ola de protecci\u00f3n de datos, www.aepd.es).<\/p>\n<p>[\/et_pb_text][\/et_pb_column][\/et_pb_row][\/et_pb_section]<\/p>\n","protected":false},"excerpt":{"rendered":"<p>Pol\u00edtica de privacidadPOL\u00cdTICA DE COOKIES INTRODUCCI\u00d3N La web de SERVICIOS PENEDES S.A. utiliza cookies propias y de terceros. Una cookie es un archivo que se descarga en su ordenador a la hora de acceder a determinadas p\u00e1ginas web. Las cookies permiten a una p\u00e1gina web, entre otros fines, asegurar el correcto funcionamiento de la p\u00e1gina, [&hellip;]<\/p>\n","protected":false},"author":1,"featured_media":0,"parent":0,"menu_order":0,"comment_status":"closed","ping_status":"closed","template":"","meta":{"_et_pb_use_builder":"on","_et_pb_old_content":"","_et_gb_content_width":"","rank_math_lock_modified_date":false,"footnotes":""},"class_list":["post-801","page","type-page","status-publish","hentry"],"_links":{"self":[{"href":"https:\/\/www.lapenedes.cat\/es\/wp-json\/wp\/v2\/pages\/801"}],"collection":[{"href":"https:\/\/www.lapenedes.cat\/es\/wp-json\/wp\/v2\/pages"}],"about":[{"href":"https:\/\/www.lapenedes.cat\/es\/wp-json\/wp\/v2\/types\/page"}],"author":[{"embeddable":true,"href":"https:\/\/www.lapenedes.cat\/es\/wp-json\/wp\/v2\/users\/1"}],"replies":[{"embeddable":true,"href":"https:\/\/www.lapenedes.cat\/es\/wp-json\/wp\/v2\/comments?post=801"}],"version-history":[{"count":4,"href":"https:\/\/www.lapenedes.cat\/es\/wp-json\/wp\/v2\/pages\/801\/revisions"}],"predecessor-version":[{"id":867,"href":"https:\/\/www.lapenedes.cat\/es\/wp-json\/wp\/v2\/pages\/801\/revisions\/867"}],"wp:attachment":[{"href":"https:\/\/www.lapenedes.cat\/es\/wp-json\/wp\/v2\/media?parent=801"}],"curies":[{"name":"wp","href":"https:\/\/api.w.org\/{rel}","templated":true}]}}